{"id":1099,"date":"2015-05-13T15:30:44","date_gmt":"2015-05-13T14:30:44","guid":{"rendered":"http:\/\/www.favgram.org\/blog\/?page_id=1099"},"modified":"2026-03-28T12:39:17","modified_gmt":"2026-03-28T11:39:17","slug":"reglamento-interno","status":"publish","type":"page","link":"https:\/\/favgram.org\/blog\/reglamento-interno\/","title":{"rendered":"Reglamento interno"},"content":{"rendered":"<p><a href=\"https:\/\/favgram.org\/blog\/wp-content\/uploads\/2026\/03\/Favgram_Regim_intern.pdf\" target=\"_blank\">Descargar en formato pdf<img loading=\"lazy\" decoding=\"async\" class=\"alignleft wp-image-1304 size-full\" src=\"https:\/\/favgram.org\/blog\/wp-content\/uploads\/2015\/05\/Pdf.png\" alt=\"Pdf\" width=\"60\" height=\"60\" \/><\/a><\/p>\n<p>&nbsp;<\/p>\n<p>REGLAMENTO DE R\u00c9GIMEN INTERIOR DE LA FEDERACI\u00d3N DE ASOCIACIONES DE VECINOS DE SANTA COLOMA DE GRAMENET (FAVGRAM).<\/p>\n<p>CAP\u00cdTULO I. DISPOSICIONES GENERALES.<br \/>\nArt\u00edculo 1\u00ba.- El funcionamiento de la Federaci\u00f3n de Asociaciones de Vecinos de Santa Coloma, se organiza a trav\u00e9s de la Asamblea General, la Junta Directiva de acuedo con los Estatutos de la Federaci\u00f3n y sus presentes normas, de R\u00e9gimen Interior aprobadas en la Asamblea celebrada el d\u00eda 24 de enero de 2003, seg\u00fan competencia que le otorga el art\u00edculo 9 de los Estatutos.<\/p>\n<p>Art\u00edculo 2\u00ba.- El presente Reglamento, comenzar\u00e1 a regir a partir de su aprobaci\u00f3n por la Asamblea General de la Federaci\u00f3n.<\/p>\n<p>Art\u00edculo 3\u00ba.- La interpretaci\u00f3n de los preceptos contenidos en los Estatutos, ser\u00e1 hecha por la Junta Directiva, para lo que se constituir\u00e1 una Comisi\u00f3n de tres miembros, que emitir\u00e1 un informe previo a la decisi\u00f3n de la Junta.<br \/>\nCAP\u00cdTULO II. LA ASAMBLEA GENERAL.<br \/>\nArt\u00edculo 4\u00ba.- La convocatoria de la Asamblea General, se har\u00e1 con veinte d\u00edas de antelaci\u00f3n por la Junta Directiva, de acuerdo con los art\u00edculos 10 y 11 de los Estatutos. En el caso de que la Junta Directiva no cumpla lo establecido para la convocatoria de la Asamblea General, por acuerdo de 1\/5 parte de los miembros titulares de la Federaci\u00f3n, se convocar\u00e1 directamente la Asamblea General, respetando en principio la sede que tuviera destinada para su celebraci\u00f3n, y en las condiciones previstas por los Estatutos para su convocatoria.<\/p>\n<p>Art\u00edculo 5\u00ba.- El n\u00famero de delegados de cada socio en la Asamblea General, ser\u00e1 de dos, aunque ambos habr\u00e1n de defender los criterios generales que sostenga la Asociaci\u00f3n y siempre por mandato de la misma.<\/p>\n<p>Art\u00edculo 6\u00ba.- La Asamblea General se constituye presidida por la Junta Directiva. Dar\u00e1 conformidad a las Asociaciones presentes en la Asamblea, como miembros de pleno derecho dentro de la Federaci\u00f3n. Dar\u00e1 la representaci\u00f3n de voto.<\/p>\n<p>Art\u00edculo 7\u00ba.- Para el Plan de Trabajo, la Junta Directiva presentar\u00e1 con al menos 60 d\u00edas, los documentos a debatir, dando a las Asociaciones de Vecinos un plazo de 30 d\u00edas para hacer las enmiendas al mismo. Con todas las enmiendas recibidas, la Junta Directiva elaborar\u00e1 el Plan de Trabajo a discutir en la Asamblea, que tendr\u00e1n que tener las AAVV 15 d\u00edas antes de la Asamblea.<\/p>\n<p>Art\u00edculo 8\u00ba.- En la Asamblea General se proceder\u00e1 a elegir la Asociaci\u00f3n de Vecinos que se responsabilizar\u00e1 de la organizaci\u00f3n y financiaci\u00f3n de la pr\u00f3xima Asamblea.<\/p>\n<p>Art\u00edculo 9\u00ba.- La Asamblea General Extraordinaria se celebrar\u00e1 en la AAVV que la Junta Directiva acuerde, si la sede y fecha de celebraci\u00f3n no hubiera sido decidida por una Asamblea anterior.<\/p>\n<p>Art\u00edculo 10\u00ba.- 1.La Asamblea General acordar\u00e1 su Plan de Trabajo, ratificando o modificando el Orden del D\u00eda propuesto por la Junta Directiva, conforme a lo establecido en el Art\u00edculo 22 de los Estatutos. La modificaci\u00f3n del Orden del D\u00eda habr\u00e1 de estar suficientemente motivada.<br \/>\n2.Para que se pueda proceder a la modificaci\u00f3n del Orden del D\u00eda ser\u00e1 preciso que los que propongan la modificaci\u00f3n, aporten en los plazos previstos la necesaria documentaci\u00f3n. Excepto en los casos de urgencia. En estos casos, la Asamblea se pronunciar\u00e1 por lo que se refiera a la urgencia. Para aprobarse la propuesta de modificaci\u00f3n del Orden del D\u00eda tendr\u00e1 que contar con votos a favor de la mayor\u00eda absoluta de los socios presentes.<br \/>\nArt\u00edculo 11\u00ba.- La Asamblea General Ordinaria, si as\u00ed se incluye en el Orden del D\u00eda, se recibir\u00e1 el informe de gesti\u00f3n de la Junta Directiva abri\u00e9ndose a continuaci\u00f3n un debate sobra las resoluciones y posicionamientos que se presenten en el referido informe, para que posteriormente se proceda a su votaci\u00f3n. El informe de gesti\u00f3n habr\u00e1 de ser transmitido a todos los miembros de la Federaci\u00f3n con la convocatoria de la Asamblea. Tambi\u00e9n se leer\u00e1n todas las AAVV miembros de pleno derecho asistentes a la Asamblea y a la valoraci\u00f3n cualificada de los votos de cada una.<\/p>\n<p>Art\u00edculo 12\u00ba.- La Asamblea General Ordinaria, previo informe y aprobaci\u00f3n del Estado de Cuentas, cerrado a 31 de diciembre, aprobar\u00e1 el presupuesto anual de la Federaci\u00f3n, despu\u00e9s de la presentaci\u00f3n y debate del proyecto de presupuesto elaborado por la Junta Directiva. El Estado de cuentas y el proyecto de presupuesto, habr\u00e1 de ser transmitido a todos los miembros de la Federaci\u00f3n con la convocatoria de la Asamblea.<\/p>\n<p>Art\u00edculo 13\u00ba.- Los trabajos de la Asamblea General se realizar\u00e1n en base a otras figuras: Ponencia, Resoluci\u00f3n y Pronunciamiento. 1.Ponencia es el documento presentado por alguna Asociaci\u00f3n de Vecinos, para fijar la posici\u00f3n de las Asociaciones de Vecinos ante asuntos, el trato de las cuales ha sido acordado en anteriores Asambleas o ha sido expuesto, previa elaboraci\u00f3n como ponencia, a la Junta Directiva para su inclusi\u00f3n en el Orden del D\u00eda. Sobre un mismo asunto pueden presentarse una o m\u00e1s ponencias. Para que un documento tenga tratamiento de ponencia, habr\u00e1 de ser transmitido a los miembros de la Federaci\u00f3n con la convocatoria de la Asamblea. Las ponencias se debatir\u00e1n en Comisi\u00f3n y en Pleno. Las Comisiones se formar\u00e1n voluntariamente por los delegados presentes. Cada Comisi\u00f3n escoger\u00e1 un moderador y un secretario. En primer lugar se defender\u00e1n las ponencias: posteriormente las modificaciones que vengan por escrito y avaladas por Asambleas de AAVV. Despu\u00e9s del debate, se proceder\u00e1 a la aprobaci\u00f3n de la ponencia que la Comisi\u00f3n eleva al Pleno. El Secretario de la Comisi\u00f3n presentar\u00e1 al Pleno la ponencia e informar\u00e1 tambi\u00e9n de las propuestas que no hayan sido contempladas por la Comisi\u00f3n. Las Comisiones adoptan sus decisiones por mayor\u00eda simple, contando con un voto cada una de las AAVV presentes en ellas. El Pleno debatir\u00e1 las ponencias presentadas por las Comisiones, teniendo en cuenta las propuestas m\u00e1s significativas no aceptadas, procediendo a su aprobaci\u00f3n, conforme a lo establecido en el Art\u00edculo 13 de las presentes Normas.<br \/>\n2.Resoluci\u00f3n, es el documento que se propone a la Junta Directiva por alg\u00fan miembro de la Federaci\u00f3n, para su inclusi\u00f3n en el Orden del D\u00eda de la Asamblea General y ser\u00e1 debatido y votado s\u00f3lo en el Pleno. El texto de las resoluciones habr\u00e1 de ser transmitido a todos los miembros de la Federaci\u00f3n con la convocatoria de la Asamblea. Las resoluciones se debatir\u00e1n en el Pleno una vez debatidas y aprobadas las ponencias.<br \/>\n3.Pronunciamiento es la propuesta por escrito que presenta un miembro de la Federaci\u00f3n al Pleno de la Asamblea General para que esta se posicione sobre cuestiones de car\u00e1cter coyuntural. Los textos de los pronunciamientos han de entregarse en la Mesa que preside el Pleno en el momento de la ratificaci\u00f3n del Orden del D\u00eda de la Asamblea. Despu\u00e9s de su presentaci\u00f3n en el Pleno, una vez votadas las ponencias y resoluciones, recibir\u00e1n las adhesiones de las Asociaciones que lo estimen oportuno, sin entrar en debate.<br \/>\nArt\u00edculo 14\u00ba.- Los acuerdos del Pleno de la Asamblea ser\u00e1n de dos tipos:<br \/>\na) Funcionales. Son los acuerdos que se refieren a aspectos de organizaci\u00f3n y funcionamiento de la Federaci\u00f3n y se adoptan por mayor\u00eda simple, excepto en los casos por los cuales los Estatutos y las presentes normas, exigen otra mayor\u00eda.<br \/>\nb) Program\u00e1ticos. Son los acuerdos que, adoptados por mayor\u00eda simple, pasan a ser parte del programa de la Federaci\u00f3n. Estos acuerdos no ser\u00e1n vinculantes para aquellos miembros de la Federaci\u00f3n que hayan manifestado expresamente su rechazo.<\/p>\n<p>Art\u00edculo 15\u00ba.- La Asamblea General Ordinaria proceder\u00e1 a la elecci\u00f3n de los cargos de la Junta Directiva. Para las votaciones, cada socio pondr\u00e1 en una papeleta el nombre de los miembros de la Junta Directiva, resultado elegidos los que m\u00e1s votos obtengan para cada lugar y para cada una de las responsabilidades.<\/p>\n<p>Art\u00edculo 16\u00ba.- La Junta Directiva saliente, ser\u00e1 la responsable de entregar el Acta de la Asamblea en el plazo de un mes, envi\u00e1ndola a la Junta Directiva entrante para que esta la pueda remitir a todos los miembros de la Federaci\u00f3n.<\/p>\n<p>CAP\u00cdTULO III. LA JUNTA DIRECTIVA.<br \/>\nArt\u00edculo 17\u00ba.- Por renuncia de la Asociaci\u00f3n escogida para organizar la pr\u00f3xima Asamblea General, la Junta Directiva acordar\u00e1 una nueva sede para su celebraci\u00f3n.<\/p>\n<p>Art\u00edculo 18\u00ba.- La presentaci\u00f3n de vocales exigir\u00e1 una proclamaci\u00f3n previa de elecci\u00f3n directa de la Junta y que se tendr\u00e1 que hacer por los socios federativos, que previamente lo habr\u00e1n determinado en sus respectivas asambleas.<\/p>\n<p>Art\u00edculo 19\u00ba.- La representaci\u00f3n de la Federaci\u00f3n la ostenta colegialmente la Junta Directiva, excepto para lo que, a efectos de fines legales y para aquellos casos que expresamente determine la Junta Directiva, la ostente la Presidencia de la Federaci\u00f3n.<\/p>\n<p>Art\u00edculo 20\u00ba.- Los acuerdos de la Junta Directiva se adoptar\u00e1n por mayor\u00eda simple de los presentes, a raz\u00f3n de un voto para cada una. Estos acuerdos ser\u00e1n comunicados al conjunto de los miembros federados, as\u00ed como las posturas minoritarias que obtuvieran la tercera parte de los votos.<\/p>\n<p>Art\u00edculo 21\u00ba.- Por petici\u00f3n suscrita por el 50 por ciento de votos de los socios federados, se podr\u00e1 presentar moci\u00f3n de censura a la Junta Directiva alegando los motivos que la originen.<br \/>\nLa Junta Directiva, habr\u00e1 de convocar en el plazo m\u00e1ximo de 30 d\u00edas Asamblea Extraordinaria, adjuntando el texto de la moci\u00f3n presentada.<br \/>\nSi la Junta Directiva no convoca la asamblea en el plazo establecido, los solicitantes de la dimisi\u00f3n podr\u00e1n convocarla directamente, adjuntando el texto de la moci\u00f3n de censura.<br \/>\nCuando se celebre la Asamblea, se defender\u00e1 la moci\u00f3n por uno de los miembros firmantes, que ser\u00e1 contestada por un miembro de la Junta Directiva, defendiendo, si tuviera lugar, su actuaci\u00f3n. A continuaci\u00f3n se abrir\u00e1 un \u00fanico turno de palabras.<br \/>\nSin m\u00e1s intervenciones, se proceder\u00e1 a votaci\u00f3n, constituy\u00e9ndose a tal efecto una Mesa de escrutinio, formada por un representante de tres Asociaciones de Vecinos, elegidos por sorteo.<br \/>\nSi por mayor\u00eda simple de los votos presentes, seg\u00fan lo establecido en el art\u00edculo 13 de los Estatutos, la moci\u00f3n de censura se aprobar\u00e1, la Asamblea General proceder\u00e1 a elegir una nueva Junta Directiva.<\/p>\n<p>Art\u00edculo 22\u00ba.- En caso de dimisi\u00f3n de la Junta Directiva, tendr\u00e1 la obligaci\u00f3n de convocar la Asamblea Extraordinaria en el plazo m\u00e1ximo de treinta d\u00edas desde la presentaci\u00f3n de la dimisi\u00f3n de la Junta Directiva.<br \/>\nCAP\u00cdTULO IV. COMISIONES DE TRABAJO.<br \/>\nArt\u00edculo 23\u00ba.-<\/p>\n<p>1.Para gestionar determinados asuntos, elaborar estudios, formular propuestas, etc., la Asamblea General y la Junta Directiva, constituir\u00e1n Comisiones de Trabajo, en las cuales podr\u00e1n integrarse las Asociaciones de Vecinos que lo deseen.<br \/>\n2.Estas Comisiones de Trabajo, realizar\u00e1n sus funciones con la autonom\u00eda y medios que se acuerden. La Junta Directiva estar\u00e1 informada de su actividad y tendr\u00e1 control sobre las mismas como \u00f3rgano m\u00e1ximo de coordinaci\u00f3n y representaci\u00f3n entre Asambleas.<br \/>\nArt\u00edculo 24\u00ba.- Ser\u00e1n funciones de las Comisiones de Trabajo, entre otras:<br \/>\na) Conocer la legislaci\u00f3n que sobre las diferentes materias elaboren los Ministerios y la Comunidad Aut\u00f3noma.<br \/>\nb) Conocer las experiencias que sobre su materia realicen las Asociaciones de Vecinos.<br \/>\nc) Contactar con los movimientos espec\u00edficos existentes en la materia.<br \/>\nd) Conocer experiencias de otros pa\u00edses.<br \/>\ne) Proponer a las Asociaciones de Vecinos planes de actividad sobre su materia.<br \/>\nf) Proponer a la Junta Directiva actividades generales.<br \/>\ng) Elaborar informaci\u00f3n para que las Asociaciones de Vecinos puedan trabajar en la materia de la Comisi\u00f3n.<\/p>\n<p>Art\u00edculo 25\u00ba.- Cada Comisi\u00f3n de Trabajo podr\u00e1 crear cuantas subcomisiones sean necesarias.<\/p>\n<p>Art\u00edculo 26\u00ba.- Los Coordinadores de las Comisiones, ser\u00e1n los nombrados por la Junta Directiva, podr\u00e1n asistir a las reuniones de Junta Directiva si esta lo considera oportuno con voz y sin voto.<\/p>\n<p>Este art\u00edculo no afecta a las comisiones formadas por las Secretar\u00edas de vocales que son miembros natos de la Junta con todos sus derechos, art\u00edculo 29 de los Estatutos.<br \/>\nCAP\u00cdTULO V. LA SECRETAR\u00cdA.<br \/>\nArt\u00edculo 27\u00ba.- La Junta Directiva, con el informe de los censores de cuentas, ser\u00e1 la encargada de presentar las cuentas de la Federaci\u00f3n ante la Asamblea General.<\/p>\n<p>Art\u00edculo 28\u00ba.- Todos los cargos, individuales o colectivos, no percibir\u00e1n remuneraci\u00f3n, ni por su dedicaci\u00f3n ni por su trabajo. La Junta Directiva, de conformidad con las l\u00edneas que cada Asamblea General se\u00f1ale al efecto, fijar\u00e1 un baremo de compensaciones para la cobertura de los gastos de desplazamientos y de permanencias.<\/p>\n<p>Art\u00edculo 29\u00ba.- La asistencia a las sesiones de Junta, ordinaria y extraordinaria cuando proceda, por parte de los vocales representantes de las Asociaciones federadas podr\u00e1 ser delegada previo acuerdo escrito de la Junta.<\/p>\n<p>Art\u00edculo 30\u00ba.- El orden del d\u00eda de cada reuni\u00f3n lo establecer\u00e1 el Presidente asistido por el Secretario\/ a de la FAVGRAM en el momento de acordar la convocatoria de Junta, sin que se puedan tratar asuntos que no hayan sido incluidos previamente. S\u00f3lo en el caso de que una vez aprobado el orden del d\u00eda a desarrollar sea acordado por la mayor\u00eda ser\u00eda aceptado incluir el tema o asunto en el apartado de \u201cinformaciones varias o ruegos y preguntas\u201d.<\/p>\n<p>Art\u00edculo 31\u00ba.- Las funciones de la Junta Directiva quedan expresadas en el art\u00edculo 24 de los Estatutos y, en lo que se refiere a la interpretaci\u00f3n y\/ o conflictos estatutarios:<br \/>\nPodr\u00e1 constituir la Comisi\u00f3n de Estatutos, con tres miembros de la Junta, que tendr\u00e1n capacidad de emitir informes en aspectos-preceptos contenidos en los Estatutos.<\/p>\n<p>Art\u00edculo 32\u00ba.- La Junta Directiva establecer\u00e1 para seguimiento y coordinaci\u00f3n de trabajo y acuerdos, una Permanente o Secretariado constituido por los miembros nominales.<\/p>\n<p>Art\u00edculo 33\u00ba.- Las reuniones de Permanente o Secretariado tendr\u00e1n una periodicidad quincenal siendo preceptiva la preparatoria de reuni\u00f3n de Junta.<\/p>\n<p>Art\u00edculo 34\u00ba.- La Junta Directiva estructurar\u00e1 su trabajo en secretar\u00edas o comisiones al frente de las cuales habr\u00e1 un presidente-vocal o un coordinador designado por la propia Junta.<\/p>\n<p>Art\u00edculo 35\u00ba.- Las vocal\u00edas tendr\u00e1n autonom\u00eda de gesti\u00f3n y convocatoria siendo preceptivo notificarlo al Secretariado, qui\u00e9n podr\u00e1 delegar su asistencia a las reuniones anteriores.<\/p>\n<p>Art\u00edculo 36\u00ba.- El vocal habr\u00e1 de dar cuenta en Junta de los trabajos realizados en forma de informe, preferentemente escrito.<\/p>\n<p>Art\u00edculo 37\u00ba.- Se establecer\u00e1n un m\u00ednimo de tres reuniones conjuntas de la comisi\u00f3n de presidentes y la junta, a lo largo del a\u00f1o, a efectos de seguimiento y pulso al devenir de los trabajos de la Federaci\u00f3n, siguiendo el modelo de funcionamiento FAVGRAM.<\/p>\n<p>Art\u00edculo 38\u00ba.- Las gratificaciones y contrataciones temporales y eventuales de personal auxiliar, tendr\u00e1 que contar con la aprobaci\u00f3n previa de la Junta Directiva.<br \/>\nCAP\u00cdTULO VI. SANCIONES.<br \/>\nArt\u00edculo 39\u00ba.- La falta de pago injustificada, de cuotas establecidas por la Asamblea General, ser\u00e1 sancionada de la manera siguiente: la falta de pago de un a\u00f1o con la p\u00e9rdida de voz y voto en la Asamblea General; la falta de pago de dos a\u00f1os, con la suspensi\u00f3n como socio durante un a\u00f1o; la falta de pago de tres a\u00f1os con la expulsi\u00f3n de la Federaci\u00f3n. En caso de solicitud y readmisi\u00f3n de alg\u00fan socio expulsado por falta de pago, su admisi\u00f3n quedar\u00e1 supeditada a la aprobaci\u00f3n de la Junta Directiva y al pago de las cuotas atrasadas.<\/p>\n<p>Art\u00edculo 40\u00ba.- La ausencia sin justificaci\u00f3n a tres Asambleas consecutivas, implica la baja como socio de la Federaci\u00f3n.<\/p>\n<p>Art\u00edculo 41\u00ba.- La inhabilitaci\u00f3n como miembro de la Junta Directiva se producir\u00e1 en los casos y en el tiempo que establece el art\u00edculo 18 de los Estatutos. Tambi\u00e9n se producir\u00e1 cuando expresamente lo acuerde la Asamblea General, por incumplimiento grave de las funciones de miembro de la Junta Directiva, a propuesta de la Junta o de una o m\u00e1s Asociaciones de Vecinos, y en aquellos otros casos que expresamente lo indique el Reglamento de R\u00e9gimen Interior.<\/p>\n<p>Art\u00edculo 42\u00ba.- De acuerdo con el art\u00edculo 37 de los Estatutos, podr\u00e1 procederse a la suspensi\u00f3n temporal de un socio de la Federaci\u00f3n por un a\u00f1o, cuando se concurra en acciones que notoriamente est\u00e9n en contra de los fines de los Estatutos de la Federaci\u00f3n de Asociaciones de Vecinos, de su Reglamento Interno y de los acuerdos de la Asamblea General, una vez pasado dicho tiempo, si persisten las causas o razones que motivaron la suspensi\u00f3n, se decidir\u00e1 su expulsi\u00f3n.<br \/>\nCAP\u00cdTULO VII. ADMISI\u00d3N DE SOCIOS.<br \/>\nArt\u00edculo 43\u00ba.- La Junta Directiva habr\u00e1 de comunicar la recepci\u00f3n de todas las solicitudes de admisi\u00f3n que le lleguen y en el plazo improrrogable de dos meses, contestar\u00e1 a la Asociaci\u00f3n de Vecinos, independientemente de la resoluci\u00f3n que recaiga.<\/p>\n<p>Art\u00edculo 44\u00ba.- La resoluci\u00f3n de la Junta Directiva, tendr\u00e1 car\u00e1cter provisional, siendo la Asamblea General la que adopte la definitiva, seg\u00fan lo establecido en el Art\u00edculo 34 de los Estatutos.<br \/>\nEsta resoluci\u00f3n provisional, habr\u00e1 de ser comunicada a la Asociaci\u00f3n de Vecinos solicitante, incluyendo, en el caso de que fuera denegatoria, la mayor cantidad posible de argumentos y justificaciones.<\/p>\n<p>Art\u00edculo 45\u00ba.- En el supuesto de resoluci\u00f3n denegatoria, la Junta Directiva comunicar\u00e1 a la Asociaci\u00f3n de Vecinos solicitante, el derecho que le asiste de ser escuchada en la Asamblea General m\u00e1s cercana que se celebre.<br \/>\nCAP\u00cdTULO VIII. REGISTRO DE SOCIOS.<\/p>\n<p>Art\u00edculo 46\u00ba.- La Junta Directiva llevar\u00e1 un Registro numerado de todos los miembros de la Federaci\u00f3n, donde han de constar todos los documentos aportados de acuerdo con el Art\u00edculo 34 de los Estatutos, as\u00ed como el historial de cada miembro.<br \/>\nCAP\u00cdTULO IX. INCOMPATIBILIDADES.<\/p>\n<p>Art\u00edculo 47\u00ba.- Todo miembro de la Junta Directiva que sea candidato al Congreso, Senado, Parlamento Europeo o Auton\u00f3mico, o Ayuntamiento; desde el momento en que se hagan p\u00fablicas las listas y hasta el d\u00eda de las elecciones, no formar\u00e1 parte de la misma. En caso de ser elegido, presentar\u00e1 la dimisi\u00f3n.<\/p>\n<p>&nbsp;<\/p>\n<p>&nbsp;<\/p>\n","protected":false},"excerpt":{"rendered":"<p>Descargar en formato pdf &nbsp; REGLAMENTO DE R\u00c9GIMEN INTERIOR DE LA FEDERACI\u00d3N DE ASOCIACIONES DE VECINOS DE SANTA COLOMA DE GRAMENET (FAVGRAM). CAP\u00cdTULO I. DISPOSICIONES GENERALES. Art\u00edculo 1\u00ba.- El funcionamiento de la Federaci\u00f3n de Asociaciones de Vecinos de Santa Coloma, se organiza a trav\u00e9s de la Asamblea General, la Junta Directiva de acuedo con los <a class=\"more-link\" href=\"https:\/\/favgram.org\/blog\/reglamento-interno\/\">&#8230; Leer m\u00e1s &#8230;<\/a><\/p>\n","protected":false},"author":4,"featured_media":0,"parent":0,"menu_order":0,"comment_status":"closed","ping_status":"open","template":"","meta":{"footnotes":""},"class_list":["post-1099","page","type-page","status-publish","hentry"],"_links":{"self":[{"href":"https:\/\/favgram.org\/blog\/wp-json\/wp\/v2\/pages\/1099","targetHints":{"allow":["GET"]}}],"collection":[{"href":"https:\/\/favgram.org\/blog\/wp-json\/wp\/v2\/pages"}],"about":[{"href":"https:\/\/favgram.org\/blog\/wp-json\/wp\/v2\/types\/page"}],"author":[{"embeddable":true,"href":"https:\/\/favgram.org\/blog\/wp-json\/wp\/v2\/users\/4"}],"replies":[{"embeddable":true,"href":"https:\/\/favgram.org\/blog\/wp-json\/wp\/v2\/comments?post=1099"}],"version-history":[{"count":4,"href":"https:\/\/favgram.org\/blog\/wp-json\/wp\/v2\/pages\/1099\/revisions"}],"predecessor-version":[{"id":5113,"href":"https:\/\/favgram.org\/blog\/wp-json\/wp\/v2\/pages\/1099\/revisions\/5113"}],"wp:attachment":[{"href":"https:\/\/favgram.org\/blog\/wp-json\/wp\/v2\/media?parent=1099"}],"curies":[{"name":"wp","href":"https:\/\/api.w.org\/{rel}","templated":true}]}}