{"id":2628,"date":"2017-03-09T09:49:30","date_gmt":"2017-03-09T08:49:30","guid":{"rendered":"http:\/\/favgram.org\/blog\/?page_id=2628"},"modified":"2020-10-06T20:03:45","modified_gmt":"2020-10-06T18:03:45","slug":"a-vv-singuerlin","status":"publish","type":"page","link":"https:\/\/favgram.org\/blog\/asociaciones\/a-vv-singuerlin\/","title":{"rendered":"A.VV. Singuerlin"},"content":{"rendered":"<p><img loading=\"lazy\" decoding=\"async\" class=\"size-full wp-image-2658 alignnone\" src=\"https:\/\/favgram.org\/blog\/wp-content\/uploads\/2017\/03\/singuerlinL.jpeg\" alt=\"singuerlin\" width=\"160\" height=\"160\" \/>\u00a0\u00a0\u00a0\u00a0\u00a0\u00a0<img loading=\"lazy\" decoding=\"async\" class=\"size-full wp-image-2659 alignnone\" src=\"https:\/\/favgram.org\/blog\/wp-content\/uploads\/2017\/03\/Singuerlin.jpg\" alt=\"singuerlin\" width=\"400\" height=\"300\" \/><\/p>\n<h2 class=\"entry-title\" style=\"font-weight: bold; color: #000000;\"><span style=\"color: #ff0000;\">A.VV. SINGUERL\u00cdN :<\/span><\/h2>\n<p>Estamos a su disposici\u00f3n en:<\/p>\n<div class=\"entry-content\" style=\"color: #333333;\">Av. Catalunya, 41<br \/>\n08924 &#8211; Santa Coloma de Gramenet<br \/>\nTel\u00e9fono: 93 391.73.41<br \/>\nE-mail: &#8230;&#8230;.<a href=\"mailto:favgram@gmail.com\">@&#8230;&#8230;&#8230;.<\/a><\/div>\n<div class=\"entry-content\" style=\"color: #333333;\">Web: &#8230;&#8230;&#8230;.<\/div>\n<div class=\"entry-content\" style=\"color: #333333;\">Facebook : <a href=\"https:\/\/www.facebook.com\/Avv.singuerlin\/\" target=\"_blank\" rel=\"noopener noreferrer\">Singuerl\u00edn<\/a><\/div>\n<div class=\"entry-content\" style=\"color: #333333;\">Twitter&#8230;&#8230;.<br \/>\nHorario: &#8230;&#8230;&#8230;&#8230;&#8230;&#8230;&#8230;&#8230;..<\/div>\n<div class=\"entry-content\" style=\"color: #333333;\"><\/div>\n<div class=\"entry-content\" style=\"color: #333333;\"><\/div>\n","protected":false},"excerpt":{"rendered":"<p>\u00a0\u00a0\u00a0\u00a0\u00a0\u00a0 A.VV. SINGUERL\u00cdN : Estamos a su disposici\u00f3n en: Av. Catalunya, 41 08924 &#8211; Santa Coloma de Gramenet Tel\u00e9fono: 93 391.73.41 E-mail: &#8230;&#8230;.@&#8230;&#8230;&#8230;. Web: &#8230;&#8230;&#8230;. Facebook : Singuerl\u00edn Twitter&#8230;&#8230;. Horario: &#8230;&#8230;&#8230;&#8230;&#8230;&#8230;&#8230;&#8230;..<\/p>\n","protected":false},"author":4,"featured_media":0,"parent":1083,"menu_order":0,"comment_status":"closed","ping_status":"closed","template":"","meta":{"footnotes":""},"class_list":["post-2628","page","type-page","status-publish","hentry"],"_links":{"self":[{"href":"https:\/\/favgram.org\/blog\/wp-json\/wp\/v2\/pages\/2628","targetHints":{"allow":["GET"]}}],"collection":[{"href":"https:\/\/favgram.org\/blog\/wp-json\/wp\/v2\/pages"}],"about":[{"href":"https:\/\/favgram.org\/blog\/wp-json\/wp\/v2\/types\/page"}],"author":[{"embeddable":true,"href":"https:\/\/favgram.org\/blog\/wp-json\/wp\/v2\/users\/4"}],"replies":[{"embeddable":true,"href":"https:\/\/favgram.org\/blog\/wp-json\/wp\/v2\/comments?post=2628"}],"version-history":[{"count":0,"href":"https:\/\/favgram.org\/blog\/wp-json\/wp\/v2\/pages\/2628\/revisions"}],"up":[{"embeddable":true,"href":"https:\/\/favgram.org\/blog\/wp-json\/wp\/v2\/pages\/1083"}],"wp:attachment":[{"href":"https:\/\/favgram.org\/blog\/wp-json\/wp\/v2\/media?parent=2628"}],"curies":[{"name":"wp","href":"https:\/\/api.w.org\/{rel}","templated":true}]}}